{"id":2106,"date":"2017-01-19T00:06:30","date_gmt":"2017-01-19T05:06:30","guid":{"rendered":"http:\/\/www.forestare.com\/?post_type=product&#038;p=2106"},"modified":"2022-09-29T16:43:51","modified_gmt":"2022-09-29T20:43:51","slug":"forestare-arauco","status":"publish","type":"product","link":"https:\/\/forestare.com\/en\/produit\/forestare-arauco\/","title":{"rendered":"Forestare &#8211; Arauco"},"content":{"rendered":"","protected":false},"excerpt":{"rendered":"<p>Forestare est de retour avec le cd\u00a0Arauco. La musique de Arauco de Javier Farias s\u2019inspire du texte La Araucana d\u2019Alonso de Ercilla y Z\u00fa\u00f1iga, \u00e9crit entre 1553 et 1557, un duel musical entre le peuple mapuche (les autochtones du centre-sud du Chili) et les conquistadors au XVIe si\u00e8cle, l\u2019\u00e9poque de la conqu\u00eate du Chili. Arauco se veut un hommage au courage des Mapuches qui ont d\u00e9fendu leur terre; le disque, compl\u00e9t\u00e9 par des \u0153uvres de Pascal Sasseville Quoquochi, de Rapha\u00ebl Reed et de Fran\u00e7ois Gauthier, rend hommage \u00e0 la r\u00e9sistance am\u00e9rindienne du nord au sud et \u00e0 l\u2019\u00e9panouissement de leurs cultures pr\u00e9sentes et futures.<\/p>\n<p>\u00ab Voil\u00e0 un retour d\u00e8s plus heureux\u2008! Sans fausse modestie, votre signataire ainsi que le Cahier Week-end, avait donn\u00e9 un s\u00e9rieux coup de pouce \u00e0 cette jeune formation qui plongeait dans l\u2019ar\u00e8ne du spectacle avec douze guitares ! De fil en aiguille et toujours sous la direction du guitariste Alexandre \u00c9thier, Forestare a partag\u00e9 la sc\u00e8ne avec Richard Desjardins, Catherine Major ou Claire Pelletier. Cinq ans apr\u00e8s, avec une formule tout aussi consistante, ces ma\u00eetres de la corde nous offrent un voyage au c\u0153ur de la conqu\u00eate du Chili, \u00e9poque des Conquistadors. \u00c0 la dynamique \u00e9panouie, jamais redondante, nous soulignons le travail impeccable des arrangements, couleurs orchestrales qui transportent l\u2019auditeur en des temps anciens o\u00f9 il fallait beaucoup de courage. \u00bb Christophe Rodriguez, Journal de Montr\u00e9al, jeudi 08 mars 2012 ****1\/2<\/p>\n<p>\u00ab Voici un disque fascinant que mes deux confr\u00e8res de cette page musique auraient bien pu commenter. Simultan\u00e9ment classique, populaire, sud-am\u00e9ricaine-flamenco, l\u00e9g\u00e8rement m\u00e2tin\u00e9e de nouvel \u00e2ge, cette \u00ab p\u00e9pite d&#8217;or de la grosseur d&#8217;un stade \u00bb, nous apprend le livret, est une sorte d&#8217;oratorio qui s&#8217;incarne dans un ensemble de 12 guitares et 2 contrebasses. En moins de 40 minutes, ce po\u00e8me symphonique pour 82 cordes nous raconte la lutte \u00e0 mort entre le peuple ma puche et les conquistadors espagnols. En concert-spectacle, un texte lu par un com\u00e9dien relie les mouvements, mais pour des raisons \u00e9videntes, on ne le retrouve que dans le livret. Trois compositeurs d&#8217;ici, Rapha\u00ebl Reed, Pascal Sasseville Quoquochi et Fran\u00e7ois Gauthier, se posent en \u00e9crin pour en cadrer la r\u00e9v\u00e9lation de ce chef d&#8217;\u0153uvre de 2007, Arauco. Fid\u00e8le \u00e0 sa mission \u00e9cologique, l&#8217;ensemble Forestare ajoute maintenant une corde \u00e0 son arc: la reconnaissance des peuples fondateurs. Inclassable et in\u00e9puisable, ce disque est une des r\u00e9v\u00e9lations de l&#8217;ann\u00e9e! \u00bb L\u2019actualit\u00e9, Georges Nicholson, 13 avril 2012<\/p>\n<p>\u00ab Deuxi\u00e8me album en dix ans d&#8217;existence pour Forestare, ensemble qui regroupe 15 musiciens, dont 13 guitaristes, sous la direction d&#8217;Alexandre \u00c9thier. Sur son premier disque, le collectif cartographiait une vaste for\u00eat dans laquelle se dressaient entre autres des oeuvres de Steve Reich (Electric Counterpoint I, II et III) et des versions instrumentales de chansons de Richard Desjardins (Les Yankees, La maison est ouverte). Arauco se concentre sur des pi\u00e8ces de Javier Fa rias, jeune compositeur chilien qui a fond\u00e9 son propre ensemble de guitares. Ses musiques regroup\u00e9es sur ce disque s&#8217;inspirent d&#8217;un texte qui raconte la r\u00e9sistance des mapuches (peuplade autochtone du centre du Chili et de l&#8217;Argentine) contre les Conquistadors espagnols au 16e si\u00e8cle. L&#8217;album s&#8217;\u00e9coute comme un po\u00e8me \u00e9pique. Les affrontements et les moments de tension sont soulign\u00e9s \u00e0 grand renfort de contrebasse, alors que les mouvements de troupes, les batailles et les courtes tr\u00eaves sont racont\u00e9s par des guitares tant\u00f4t temp\u00e9tueuses, tant\u00f4t m\u00e9lancoliques. La force de frappe de Forestare tient \u00e0 la virtuosit\u00e9 de ses musiciens. Sa maestria, elle, se trouve dans cet \u00e9quilibre judicieux entre tension, passion, violence et douleur. L&#8217;album est compl\u00e9t\u00e9 par des compositions de Rapha\u00ebl Reed, Fran\u00e7ois Gauthier et Pascal Sasseville Quoquochi. \u00bb\u00a0 Alexandre Vigneault,\u00a0 La Presse, 31 mars 2012 ***<\/p>\n<p>&nbsp;<\/p>\n<p>ATMA Classique<br \/>\n<span class=\"infoB\"><span id=\"ctl00_ctl00_MainContentPlaceHolder_ContentPlaceHolder1_ucDetailsAlbums_lblNoCatalogue\">ACD22572<\/span><\/span><\/p>\n<div class=\"page\" title=\"Page 16\">\n<div class=\"section\">\n<div class=\"layoutArea\">\n<div class=\"column\">\n<p>R\u00e9alisation: Johanne Goyette<br \/>\nIng\u00e9nieur du son et montage: Carlos Prieto<br \/>\nSalle Franc\u0327oys-Bernier, Domaine Forget, Saint-Ir\u00e9n\u00e9e (Qu\u00e9bec) Canada<br \/>\nSeptembre 2011<\/p>\n<\/div>\n<\/div>\n<\/div>\n<\/div>\n","protected":false},"featured_media":962,"comment_status":"open","ping_status":"closed","template":"","meta":[],"product_cat":[75],"product_tag":[],"class_list":{"0":"post-2106","1":"product","2":"type-product","3":"status-publish","4":"has-post-thumbnail","6":"product_cat-non-classe","8":"first","9":"instock","10":"taxable","11":"shipping-taxable","12":"purchasable","13":"product-type-simple"},"yoast_head":"<!-- This site is optimized with the Yoast SEO plugin v23.8 - https:\/\/yoast.com\/wordpress\/plugins\/seo\/ -->\n<title>Forestare - Arauco - Forestare<\/title>\n<meta name=\"robots\" content=\"index, follow, max-snippet:-1, max-image-preview:large, max-video-preview:-1\" \/>\n<link rel=\"canonical\" href=\"https:\/\/forestare.com\/produit\/forestare-arauco\/\" \/>\n<meta property=\"og:locale\" content=\"en_US\" \/>\n<meta property=\"og:type\" content=\"article\" \/>\n<meta property=\"og:title\" content=\"Forestare - Arauco - Forestare\" \/>\n<meta property=\"og:description\" content=\"Forestare est de retour avec le cd\u00a0Arauco. La musique de Arauco de Javier Farias s\u2019inspire du texte La Araucana d\u2019Alonso de Ercilla y Z\u00fa\u00f1iga, \u00e9crit entre 1553 et 1557, un duel musical entre le peuple mapuche (les autochtones du centre-sud du Chili) et les conquistadors au XVIe si\u00e8cle, l\u2019\u00e9poque de la conqu\u00eate du Chili. Arauco se veut un hommage au courage des Mapuches qui ont d\u00e9fendu leur terre; le disque, compl\u00e9t\u00e9 par des \u0153uvres de Pascal Sasseville Quoquochi, de Rapha\u00ebl Reed et de Fran\u00e7ois Gauthier, rend hommage \u00e0 la r\u00e9sistance am\u00e9rindienne du nord au sud et \u00e0 l\u2019\u00e9panouissement de leurs cultures pr\u00e9sentes et futures.  \u00ab Voil\u00e0 un retour d\u00e8s plus heureux\u2008! Sans fausse modestie, votre signataire ainsi que le Cahier Week-end, avait donn\u00e9 un s\u00e9rieux coup de pouce \u00e0 cette jeune formation qui plongeait dans l\u2019ar\u00e8ne du spectacle avec douze guitares ! De fil en aiguille et toujours sous la direction du guitariste Alexandre \u00c9thier, Forestare a partag\u00e9 la sc\u00e8ne avec Richard Desjardins, Catherine Major ou Claire Pelletier. Cinq ans apr\u00e8s, avec une formule tout aussi consistante, ces ma\u00eetres de la corde nous offrent un voyage au c\u0153ur de la conqu\u00eate du Chili, \u00e9poque des Conquistadors. \u00c0 la dynamique \u00e9panouie, jamais redondante, nous soulignons le travail impeccable des arrangements, couleurs orchestrales qui transportent l\u2019auditeur en des temps anciens o\u00f9 il fallait beaucoup de courage. \u00bb Christophe Rodriguez, Journal de Montr\u00e9al, jeudi 08 mars 2012 ****1\/2  \u00ab Voici un disque fascinant que mes deux confr\u00e8res de cette page musique auraient bien pu commenter. Simultan\u00e9ment classique, populaire, sud-am\u00e9ricaine-flamenco, l\u00e9g\u00e8rement m\u00e2tin\u00e9e de nouvel \u00e2ge, cette \u00ab p\u00e9pite d&#039;or de la grosseur d&#039;un stade \u00bb, nous apprend le livret, est une sorte d&#039;oratorio qui s&#039;incarne dans un ensemble de 12 guitares et 2 contrebasses. En moins de 40 minutes, ce po\u00e8me symphonique pour 82 cordes nous raconte la lutte \u00e0 mort entre le peuple ma puche et les conquistadors espagnols. En concert-spectacle, un texte lu par un com\u00e9dien relie les mouvements, mais pour des raisons \u00e9videntes, on ne le retrouve que dans le livret. Trois compositeurs d&#039;ici, Rapha\u00ebl Reed, Pascal Sasseville Quoquochi et Fran\u00e7ois Gauthier, se posent en \u00e9crin pour en cadrer la r\u00e9v\u00e9lation de ce chef d&#039;\u0153uvre de 2007, Arauco. Fid\u00e8le \u00e0 sa mission \u00e9cologique, l&#039;ensemble Forestare ajoute maintenant une corde \u00e0 son arc: la reconnaissance des peuples fondateurs. Inclassable et in\u00e9puisable, ce disque est une des r\u00e9v\u00e9lations de l&#039;ann\u00e9e! \u00bb L\u2019actualit\u00e9, Georges Nicholson, 13 avril 2012  \u00ab Deuxi\u00e8me album en dix ans d&#039;existence pour Forestare, ensemble qui regroupe 15 musiciens, dont 13 guitaristes, sous la direction d&#039;Alexandre \u00c9thier. Sur son premier disque, le collectif cartographiait une vaste for\u00eat dans laquelle se dressaient entre autres des oeuvres de Steve Reich (Electric Counterpoint I, II et III) et des versions instrumentales de chansons de Richard Desjardins (Les Yankees, La maison est ouverte). Arauco se concentre sur des pi\u00e8ces de Javier Fa rias, jeune compositeur chilien qui a fond\u00e9 son propre ensemble de guitares. Ses musiques regroup\u00e9es sur ce disque s&#039;inspirent d&#039;un texte qui raconte la r\u00e9sistance des mapuches (peuplade autochtone du centre du Chili et de l&#039;Argentine) contre les Conquistadors espagnols au 16e si\u00e8cle. L&#039;album s&#039;\u00e9coute comme un po\u00e8me \u00e9pique. Les affrontements et les moments de tension sont soulign\u00e9s \u00e0 grand renfort de contrebasse, alors que les mouvements de troupes, les batailles et les courtes tr\u00eaves sont racont\u00e9s par des guitares tant\u00f4t temp\u00e9tueuses, tant\u00f4t m\u00e9lancoliques. La force de frappe de Forestare tient \u00e0 la virtuosit\u00e9 de ses musiciens. Sa maestria, elle, se trouve dans cet \u00e9quilibre judicieux entre tension, passion, violence et douleur. L&#039;album est compl\u00e9t\u00e9 par des compositions de Rapha\u00ebl Reed, Fran\u00e7ois Gauthier et Pascal Sasseville Quoquochi. \u00bb\u00a0 Alexandre Vigneault,\u00a0 La Presse, 31 mars 2012 ***  &nbsp;  ATMA Classique ACD22572      R\u00e9alisation: Johanne Goyette Ing\u00e9nieur du son et montage: Carlos Prieto Salle Franc\u0327oys-Bernier, Domaine Forget, Saint-Ir\u00e9n\u00e9e (Qu\u00e9bec) Canada Septembre 2011\" \/>\n<meta property=\"og:url\" content=\"https:\/\/forestare.com\/produit\/forestare-arauco\/\" \/>\n<meta property=\"og:site_name\" content=\"Forestare\" \/>\n<meta property=\"article:publisher\" content=\"https:\/\/www.facebook.com\/forestare\" \/>\n<meta property=\"article:modified_time\" content=\"2022-09-29T20:43:51+00:00\" \/>\n<meta property=\"og:image\" content=\"https:\/\/forestare.com\/wp-content\/uploads\/2012\/09\/0a6cbe818add3535683a3b90975659a8_1337877738_forestare-arauco__.jpg\" \/>\n\t<meta property=\"og:image:width\" content=\"400\" \/>\n\t<meta property=\"og:image:height\" content=\"400\" \/>\n\t<meta property=\"og:image:type\" content=\"image\/jpeg\" \/>\n<script type=\"application\/ld+json\" class=\"yoast-schema-graph\">{\"@context\":\"https:\/\/schema.org\",\"@graph\":[{\"@type\":\"WebPage\",\"@id\":\"https:\/\/forestare.com\/produit\/forestare-arauco\/\",\"url\":\"https:\/\/forestare.com\/produit\/forestare-arauco\/\",\"name\":\"Forestare - Arauco - Forestare\",\"isPartOf\":{\"@id\":\"https:\/\/forestare.com\/#website\"},\"primaryImageOfPage\":{\"@id\":\"https:\/\/forestare.com\/produit\/forestare-arauco\/#primaryimage\"},\"image\":{\"@id\":\"https:\/\/forestare.com\/produit\/forestare-arauco\/#primaryimage\"},\"thumbnailUrl\":\"https:\/\/forestare.com\/wp-content\/uploads\/2012\/09\/0a6cbe818add3535683a3b90975659a8_1337877738_forestare-arauco__.jpg\",\"datePublished\":\"2017-01-19T05:06:30+00:00\",\"dateModified\":\"2022-09-29T20:43:51+00:00\",\"breadcrumb\":{\"@id\":\"https:\/\/forestare.com\/produit\/forestare-arauco\/#breadcrumb\"},\"inLanguage\":\"en-US\",\"potentialAction\":[{\"@type\":\"ReadAction\",\"target\":[\"https:\/\/forestare.com\/produit\/forestare-arauco\/\"]}]},{\"@type\":\"ImageObject\",\"inLanguage\":\"en-US\",\"@id\":\"https:\/\/forestare.com\/produit\/forestare-arauco\/#primaryimage\",\"url\":\"https:\/\/forestare.com\/wp-content\/uploads\/2012\/09\/0a6cbe818add3535683a3b90975659a8_1337877738_forestare-arauco__.jpg\",\"contentUrl\":\"https:\/\/forestare.com\/wp-content\/uploads\/2012\/09\/0a6cbe818add3535683a3b90975659a8_1337877738_forestare-arauco__.jpg\",\"width\":400,\"height\":400},{\"@type\":\"BreadcrumbList\",\"@id\":\"https:\/\/forestare.com\/produit\/forestare-arauco\/#breadcrumb\",\"itemListElement\":[{\"@type\":\"ListItem\",\"position\":1,\"name\":\"Home\",\"item\":\"https:\/\/forestare.com\/en\/\"},{\"@type\":\"ListItem\",\"position\":2,\"name\":\"Forestare &#8211; Arauco\"}]},{\"@type\":\"WebSite\",\"@id\":\"https:\/\/forestare.com\/#website\",\"url\":\"https:\/\/forestare.com\/\",\"name\":\"Forestare\",\"description\":\"Guitar Ensemble\",\"publisher\":{\"@id\":\"https:\/\/forestare.com\/#organization\"},\"potentialAction\":[{\"@type\":\"SearchAction\",\"target\":{\"@type\":\"EntryPoint\",\"urlTemplate\":\"https:\/\/forestare.com\/?s={search_term_string}\"},\"query-input\":{\"@type\":\"PropertyValueSpecification\",\"valueRequired\":true,\"valueName\":\"search_term_string\"}}],\"inLanguage\":\"en-US\"},{\"@type\":\"Organization\",\"@id\":\"https:\/\/forestare.com\/#organization\",\"name\":\"Forestare\",\"url\":\"https:\/\/forestare.com\/\",\"logo\":{\"@type\":\"ImageObject\",\"inLanguage\":\"en-US\",\"@id\":\"https:\/\/forestare.com\/#\/schema\/logo\/image\/\",\"url\":\"https:\/\/forestare.com\/wp-content\/uploads\/2013\/09\/sq-bage1.png\",\"contentUrl\":\"https:\/\/forestare.com\/wp-content\/uploads\/2013\/09\/sq-bage1.png\",\"width\":400,\"height\":400,\"caption\":\"Forestare\"},\"image\":{\"@id\":\"https:\/\/forestare.com\/#\/schema\/logo\/image\/\"},\"sameAs\":[\"https:\/\/www.facebook.com\/forestare\",\"https:\/\/www.youtube.com\/channel\/UCdyiDKShEo7tzzVYnBSw-Tg\",\"https:\/\/soundcloud.com\/forestare\"]}]}<\/script>\n<!-- \/ Yoast SEO plugin. -->","yoast_head_json":{"title":"Forestare - Arauco - Forestare","robots":{"index":"index","follow":"follow","max-snippet":"max-snippet:-1","max-image-preview":"max-image-preview:large","max-video-preview":"max-video-preview:-1"},"canonical":"https:\/\/forestare.com\/produit\/forestare-arauco\/","og_locale":"en_US","og_type":"article","og_title":"Forestare - Arauco - Forestare","og_description":"Forestare est de retour avec le cd\u00a0Arauco. La musique de Arauco de Javier Farias s\u2019inspire du texte La Araucana d\u2019Alonso de Ercilla y Z\u00fa\u00f1iga, \u00e9crit entre 1553 et 1557, un duel musical entre le peuple mapuche (les autochtones du centre-sud du Chili) et les conquistadors au XVIe si\u00e8cle, l\u2019\u00e9poque de la conqu\u00eate du Chili. Arauco se veut un hommage au courage des Mapuches qui ont d\u00e9fendu leur terre; le disque, compl\u00e9t\u00e9 par des \u0153uvres de Pascal Sasseville Quoquochi, de Rapha\u00ebl Reed et de Fran\u00e7ois Gauthier, rend hommage \u00e0 la r\u00e9sistance am\u00e9rindienne du nord au sud et \u00e0 l\u2019\u00e9panouissement de leurs cultures pr\u00e9sentes et futures.  \u00ab Voil\u00e0 un retour d\u00e8s plus heureux\u2008! Sans fausse modestie, votre signataire ainsi que le Cahier Week-end, avait donn\u00e9 un s\u00e9rieux coup de pouce \u00e0 cette jeune formation qui plongeait dans l\u2019ar\u00e8ne du spectacle avec douze guitares ! De fil en aiguille et toujours sous la direction du guitariste Alexandre \u00c9thier, Forestare a partag\u00e9 la sc\u00e8ne avec Richard Desjardins, Catherine Major ou Claire Pelletier. Cinq ans apr\u00e8s, avec une formule tout aussi consistante, ces ma\u00eetres de la corde nous offrent un voyage au c\u0153ur de la conqu\u00eate du Chili, \u00e9poque des Conquistadors. \u00c0 la dynamique \u00e9panouie, jamais redondante, nous soulignons le travail impeccable des arrangements, couleurs orchestrales qui transportent l\u2019auditeur en des temps anciens o\u00f9 il fallait beaucoup de courage. \u00bb Christophe Rodriguez, Journal de Montr\u00e9al, jeudi 08 mars 2012 ****1\/2  \u00ab Voici un disque fascinant que mes deux confr\u00e8res de cette page musique auraient bien pu commenter. Simultan\u00e9ment classique, populaire, sud-am\u00e9ricaine-flamenco, l\u00e9g\u00e8rement m\u00e2tin\u00e9e de nouvel \u00e2ge, cette \u00ab p\u00e9pite d'or de la grosseur d'un stade \u00bb, nous apprend le livret, est une sorte d'oratorio qui s'incarne dans un ensemble de 12 guitares et 2 contrebasses. En moins de 40 minutes, ce po\u00e8me symphonique pour 82 cordes nous raconte la lutte \u00e0 mort entre le peuple ma puche et les conquistadors espagnols. En concert-spectacle, un texte lu par un com\u00e9dien relie les mouvements, mais pour des raisons \u00e9videntes, on ne le retrouve que dans le livret. Trois compositeurs d'ici, Rapha\u00ebl Reed, Pascal Sasseville Quoquochi et Fran\u00e7ois Gauthier, se posent en \u00e9crin pour en cadrer la r\u00e9v\u00e9lation de ce chef d'\u0153uvre de 2007, Arauco. Fid\u00e8le \u00e0 sa mission \u00e9cologique, l'ensemble Forestare ajoute maintenant une corde \u00e0 son arc: la reconnaissance des peuples fondateurs. Inclassable et in\u00e9puisable, ce disque est une des r\u00e9v\u00e9lations de l'ann\u00e9e! \u00bb L\u2019actualit\u00e9, Georges Nicholson, 13 avril 2012  \u00ab Deuxi\u00e8me album en dix ans d'existence pour Forestare, ensemble qui regroupe 15 musiciens, dont 13 guitaristes, sous la direction d'Alexandre \u00c9thier. Sur son premier disque, le collectif cartographiait une vaste for\u00eat dans laquelle se dressaient entre autres des oeuvres de Steve Reich (Electric Counterpoint I, II et III) et des versions instrumentales de chansons de Richard Desjardins (Les Yankees, La maison est ouverte). Arauco se concentre sur des pi\u00e8ces de Javier Fa rias, jeune compositeur chilien qui a fond\u00e9 son propre ensemble de guitares. Ses musiques regroup\u00e9es sur ce disque s'inspirent d'un texte qui raconte la r\u00e9sistance des mapuches (peuplade autochtone du centre du Chili et de l'Argentine) contre les Conquistadors espagnols au 16e si\u00e8cle. L'album s'\u00e9coute comme un po\u00e8me \u00e9pique. Les affrontements et les moments de tension sont soulign\u00e9s \u00e0 grand renfort de contrebasse, alors que les mouvements de troupes, les batailles et les courtes tr\u00eaves sont racont\u00e9s par des guitares tant\u00f4t temp\u00e9tueuses, tant\u00f4t m\u00e9lancoliques. La force de frappe de Forestare tient \u00e0 la virtuosit\u00e9 de ses musiciens. Sa maestria, elle, se trouve dans cet \u00e9quilibre judicieux entre tension, passion, violence et douleur. L'album est compl\u00e9t\u00e9 par des compositions de Rapha\u00ebl Reed, Fran\u00e7ois Gauthier et Pascal Sasseville Quoquochi. \u00bb\u00a0 Alexandre Vigneault,\u00a0 La Presse, 31 mars 2012 ***  &nbsp;  ATMA Classique ACD22572      R\u00e9alisation: Johanne Goyette Ing\u00e9nieur du son et montage: Carlos Prieto Salle Franc\u0327oys-Bernier, Domaine Forget, Saint-Ir\u00e9n\u00e9e (Qu\u00e9bec) Canada Septembre 2011","og_url":"https:\/\/forestare.com\/produit\/forestare-arauco\/","og_site_name":"Forestare","article_publisher":"https:\/\/www.facebook.com\/forestare","article_modified_time":"2022-09-29T20:43:51+00:00","og_image":[{"width":400,"height":400,"url":"https:\/\/forestare.com\/wp-content\/uploads\/2012\/09\/0a6cbe818add3535683a3b90975659a8_1337877738_forestare-arauco__.jpg","type":"image\/jpeg"}],"schema":{"@context":"https:\/\/schema.org","@graph":[{"@type":"WebPage","@id":"https:\/\/forestare.com\/produit\/forestare-arauco\/","url":"https:\/\/forestare.com\/produit\/forestare-arauco\/","name":"Forestare - Arauco - Forestare","isPartOf":{"@id":"https:\/\/forestare.com\/#website"},"primaryImageOfPage":{"@id":"https:\/\/forestare.com\/produit\/forestare-arauco\/#primaryimage"},"image":{"@id":"https:\/\/forestare.com\/produit\/forestare-arauco\/#primaryimage"},"thumbnailUrl":"https:\/\/forestare.com\/wp-content\/uploads\/2012\/09\/0a6cbe818add3535683a3b90975659a8_1337877738_forestare-arauco__.jpg","datePublished":"2017-01-19T05:06:30+00:00","dateModified":"2022-09-29T20:43:51+00:00","breadcrumb":{"@id":"https:\/\/forestare.com\/produit\/forestare-arauco\/#breadcrumb"},"inLanguage":"en-US","potentialAction":[{"@type":"ReadAction","target":["https:\/\/forestare.com\/produit\/forestare-arauco\/"]}]},{"@type":"ImageObject","inLanguage":"en-US","@id":"https:\/\/forestare.com\/produit\/forestare-arauco\/#primaryimage","url":"https:\/\/forestare.com\/wp-content\/uploads\/2012\/09\/0a6cbe818add3535683a3b90975659a8_1337877738_forestare-arauco__.jpg","contentUrl":"https:\/\/forestare.com\/wp-content\/uploads\/2012\/09\/0a6cbe818add3535683a3b90975659a8_1337877738_forestare-arauco__.jpg","width":400,"height":400},{"@type":"BreadcrumbList","@id":"https:\/\/forestare.com\/produit\/forestare-arauco\/#breadcrumb","itemListElement":[{"@type":"ListItem","position":1,"name":"Home","item":"https:\/\/forestare.com\/en\/"},{"@type":"ListItem","position":2,"name":"Forestare &#8211; Arauco"}]},{"@type":"WebSite","@id":"https:\/\/forestare.com\/#website","url":"https:\/\/forestare.com\/","name":"Forestare","description":"Guitar Ensemble","publisher":{"@id":"https:\/\/forestare.com\/#organization"},"potentialAction":[{"@type":"SearchAction","target":{"@type":"EntryPoint","urlTemplate":"https:\/\/forestare.com\/?s={search_term_string}"},"query-input":{"@type":"PropertyValueSpecification","valueRequired":true,"valueName":"search_term_string"}}],"inLanguage":"en-US"},{"@type":"Organization","@id":"https:\/\/forestare.com\/#organization","name":"Forestare","url":"https:\/\/forestare.com\/","logo":{"@type":"ImageObject","inLanguage":"en-US","@id":"https:\/\/forestare.com\/#\/schema\/logo\/image\/","url":"https:\/\/forestare.com\/wp-content\/uploads\/2013\/09\/sq-bage1.png","contentUrl":"https:\/\/forestare.com\/wp-content\/uploads\/2013\/09\/sq-bage1.png","width":400,"height":400,"caption":"Forestare"},"image":{"@id":"https:\/\/forestare.com\/#\/schema\/logo\/image\/"},"sameAs":["https:\/\/www.facebook.com\/forestare","https:\/\/www.youtube.com\/channel\/UCdyiDKShEo7tzzVYnBSw-Tg","https:\/\/soundcloud.com\/forestare"]}]}},"_links":{"self":[{"href":"https:\/\/forestare.com\/en\/wp-json\/wp\/v2\/product\/2106"}],"collection":[{"href":"https:\/\/forestare.com\/en\/wp-json\/wp\/v2\/product"}],"about":[{"href":"https:\/\/forestare.com\/en\/wp-json\/wp\/v2\/types\/product"}],"replies":[{"embeddable":true,"href":"https:\/\/forestare.com\/en\/wp-json\/wp\/v2\/comments?post=2106"}],"wp:featuredmedia":[{"embeddable":true,"href":"https:\/\/forestare.com\/en\/wp-json\/wp\/v2\/media\/962"}],"wp:attachment":[{"href":"https:\/\/forestare.com\/en\/wp-json\/wp\/v2\/media?parent=2106"}],"wp:term":[{"taxonomy":"product_cat","embeddable":true,"href":"https:\/\/forestare.com\/en\/wp-json\/wp\/v2\/product_cat?post=2106"},{"taxonomy":"product_tag","embeddable":true,"href":"https:\/\/forestare.com\/en\/wp-json\/wp\/v2\/product_tag?post=2106"}],"curies":[{"name":"wp","href":"https:\/\/api.w.org\/{rel}","templated":true}]}}