{"id":1916,"date":"2016-03-13T17:12:24","date_gmt":"2016-03-13T21:12:24","guid":{"rendered":"http:\/\/www.forestare.com\/?post_type=product&#038;p=1916"},"modified":"2024-09-05T11:02:32","modified_gmt":"2024-09-05T15:02:32","slug":"album-baroque","status":"publish","type":"product","link":"https:\/\/forestare.com\/en\/produit\/album-baroque\/","title":{"rendered":"Album Baroque"},"content":{"rendered":"","protected":false},"excerpt":{"rendered":"<div class=\"page\" title=\"Page 3\">\n<div class=\"layoutArea\">\n<div class=\"column\">\n<p>Album Baroque de l&#8217;ensemble de guitare Forestare<\/p>\n<p>Format physique<\/p>\n<h2><strong>Au programme:<\/strong><\/h2>\n<div class=\"page\" title=\"Page 4\">\n<div class=\"layoutArea\">\n<div class=\"column\">\n<p><strong>Johann Sebastian Bach (1685-1750)<\/strong><\/p>\n<p>Concerto Brandebourgeois no. 3 BWV 1048<br \/>\nen sol majeur arr. Dave Pilon<br \/>\n1. I. (Allegro moderato) 5:55\u00a0 2. II. Adagio 0:44\u00a0 3. III. Allegro 5:46<\/p>\n[audio mp3=\"https:\/\/forestare.com\/wp-content\/uploads\/2016\/04\/Brandebourgeois-No.3.mp3\" ogg=\"https:\/\/forestare.com\/wp-content\/uploads\/2016\/04\/Brandebourgeois-No.3.ogg\"][\/audio]\n<p><strong><br \/>\nJohann Sebastian Bach (1685-1750)<\/strong><\/p>\n<p>4. Fantasia Super : Komm, heiliger Geist<br \/>\nBWV 651 arr. David Ratelle 6:47<\/p>\n[audio mp3=\"https:\/\/forestare.com\/wp-content\/uploads\/2016\/04\/Fantasia.mp3\" ogg=\"https:\/\/forestare.com\/wp-content\/uploads\/2016\/04\/Fantasia_converted.ogg\"][\/audio]\n<p><strong><br \/>\nAntonio Vivaldi (1678-1741)<\/strong><\/p>\n<p>5. Sonata no. 12, Op 1, Rv 63 \u201cLa Folia\u201d<br \/>\narr. Dave Pilon 12:00<\/p>\n[audio mp3=\"https:\/\/forestare.com\/wp-content\/uploads\/2016\/04\/Folia.mp3\" ogg=\"https:\/\/forestare.com\/wp-content\/uploads\/2016\/04\/Folia_converted.ogg\"][\/audio]\n<p><strong><br \/>\nAntonio Vivaldi (1678-1741)<\/strong><\/p>\n<p>CONCERTO no. 2, RV578 pour deux violons et violoncelle obligato tir\u00e9 de L\u2019estro armonico opus 3 arr. J\u00fcrg Kindle<br \/>\n6. I. Adagio e Spiccato 2:02\u00a0 7. II. Allegro 2:37\u00a0 8. III. Larghetto 4:02\u00a0 9. IV. Allegro 2:23<\/p>\n[audio mp3=\"https:\/\/forestare.com\/wp-content\/uploads\/2016\/04\/ConcertoVivaldi.mp3\" ogg=\"https:\/\/forestare.com\/wp-content\/uploads\/2016\/04\/ConcertoVivaldi_converted.ogg\"][\/audio]\n<p><strong><br \/>\nJean Baptiste Lully (1632-1687)<\/strong><\/p>\n<p>Le Bourgeois gentilhomme (com\u00e9die-ballet)<br \/>\n10. I.\u00a0Ouverture arr. Dave Pilon 2:59\u00a0 11. II. Air arr. David Ratelle 2:47\u00a0\u00a0 12.\u00a0III. Canarie arr. David Ratelle 1:24<br \/>\n13. IV. Marche pour la c\u00e9r\u00e9monie des Turcs arr. Dave Pilon 2:17<\/p>\n[audio mp3=\"https:\/\/forestare.com\/wp-content\/uploads\/2016\/04\/Lully.mp3\" ogg=\"https:\/\/forestare.com\/wp-content\/uploads\/2016\/04\/Lully_converted.ogg\"][\/audio]\n<\/div>\n<\/div>\n<div class=\"layoutArea\">\n<div class=\"column\">\n<p>&nbsp;<\/p>\n<p>&nbsp;<\/p>\n<p>Total : 51:52<\/p>\n<\/div>\n<\/div>\n<\/div>\n<p>Prise de son : Ren\u00e9 Laflamme<br \/>\nMontage : Ren\u00e9 Laflamme et Philippe Bouvrette 2xHD Mastering : Ren\u00e9 Laflamme<br \/>\nAssistant \u00e0 la r\u00e9alisation : Georges Nicholson<\/p>\n<p>R\u00e9alisation : Andr\u00e9 Perry<\/p>\n<p>&nbsp;<\/p>\n<p>&nbsp;<\/p>\n<\/div>\n<\/div>\n<\/div>\n","protected":false},"featured_media":1917,"comment_status":"open","ping_status":"closed","template":"","meta":[],"product_cat":[75],"product_tag":[],"class_list":{"0":"post-1916","1":"product","2":"type-product","3":"status-publish","4":"has-post-thumbnail","6":"product_cat-non-classe","8":"first","9":"outofstock","10":"sold-individually","11":"taxable","12":"shipping-taxable","13":"purchasable","14":"product-type-simple"},"yoast_head":"<!-- This site is optimized with the Yoast SEO plugin v23.8 - https:\/\/yoast.com\/wordpress\/plugins\/seo\/ -->\n<title>Album Baroque - Forestare<\/title>\n<meta name=\"robots\" content=\"index, follow, max-snippet:-1, max-image-preview:large, max-video-preview:-1\" \/>\n<link rel=\"canonical\" href=\"https:\/\/forestare.com\/produit\/album-baroque\/\" \/>\n<meta property=\"og:locale\" content=\"en_US\" \/>\n<meta property=\"og:type\" content=\"article\" \/>\n<meta property=\"og:title\" content=\"Album Baroque - Forestare\" \/>\n<meta property=\"og:description\" content=\"Album Baroque de l&#039;ensemble de guitare Forestare  Format physique Au programme:     Johann Sebastian Bach (1685-1750)  Concerto Brandebourgeois no. 3 BWV 1048 en sol majeur arr. Dave Pilon 1. I. (Allegro moderato) 5:55\u00a0 2. II. Adagio 0:44\u00a0 3. III. Allegro 5:46     Johann Sebastian Bach (1685-1750)  4. Fantasia Super : Komm, heiliger Geist BWV 651 arr. David Ratelle 6:47     Antonio Vivaldi (1678-1741)  5. Sonata no. 12, Op 1, Rv 63 \u201cLa Folia\u201d arr. Dave Pilon 12:00     Antonio Vivaldi (1678-1741)  CONCERTO no. 2, RV578 pour deux violons et violoncelle obligato tir\u00e9 de L\u2019estro armonico opus 3 arr. J\u00fcrg Kindle 6. I. Adagio e Spiccato 2:02\u00a0 7. II. Allegro 2:37\u00a0 8. III. Larghetto 4:02\u00a0 9. IV. Allegro 2:23     Jean Baptiste Lully (1632-1687)  Le Bourgeois gentilhomme (com\u00e9die-ballet) 10. I.\u00a0Ouverture arr. Dave Pilon 2:59\u00a0 11. II. Air arr. David Ratelle 2:47\u00a0\u00a0 12.\u00a0III. Canarie arr. David Ratelle 1:24 13. IV. Marche pour la c\u00e9r\u00e9monie des Turcs arr. Dave Pilon 2:17         &nbsp;  &nbsp;  Total : 51:52     Prise de son : Ren\u00e9 Laflamme Montage : Ren\u00e9 Laflamme et Philippe Bouvrette 2xHD Mastering : Ren\u00e9 Laflamme Assistant \u00e0 la r\u00e9alisation : Georges Nicholson  R\u00e9alisation : Andr\u00e9 Perry  &nbsp;  &nbsp;\" \/>\n<meta property=\"og:url\" content=\"https:\/\/forestare.com\/produit\/album-baroque\/\" \/>\n<meta property=\"og:site_name\" content=\"Forestare\" \/>\n<meta property=\"article:publisher\" content=\"https:\/\/www.facebook.com\/forestare\" \/>\n<meta property=\"article:modified_time\" content=\"2024-09-05T15:02:32+00:00\" \/>\n<meta property=\"og:image\" content=\"https:\/\/forestare.com\/wp-content\/uploads\/2016\/03\/ForestareBaroque-1.jpg\" \/>\n\t<meta property=\"og:image:width\" content=\"1426\" \/>\n\t<meta property=\"og:image:height\" content=\"1426\" \/>\n\t<meta property=\"og:image:type\" content=\"image\/jpeg\" \/>\n<meta name=\"twitter:label1\" content=\"Est. reading time\" \/>\n\t<meta name=\"twitter:data1\" content=\"1 minute\" \/>\n<script type=\"application\/ld+json\" class=\"yoast-schema-graph\">{\"@context\":\"https:\/\/schema.org\",\"@graph\":[{\"@type\":\"WebPage\",\"@id\":\"https:\/\/forestare.com\/produit\/album-baroque\/\",\"url\":\"https:\/\/forestare.com\/produit\/album-baroque\/\",\"name\":\"Album Baroque - Forestare\",\"isPartOf\":{\"@id\":\"https:\/\/forestare.com\/#website\"},\"primaryImageOfPage\":{\"@id\":\"https:\/\/forestare.com\/produit\/album-baroque\/#primaryimage\"},\"image\":{\"@id\":\"https:\/\/forestare.com\/produit\/album-baroque\/#primaryimage\"},\"thumbnailUrl\":\"https:\/\/forestare.com\/wp-content\/uploads\/2016\/03\/ForestareBaroque-1.jpg\",\"datePublished\":\"2016-03-13T21:12:24+00:00\",\"dateModified\":\"2024-09-05T15:02:32+00:00\",\"breadcrumb\":{\"@id\":\"https:\/\/forestare.com\/produit\/album-baroque\/#breadcrumb\"},\"inLanguage\":\"en-US\",\"potentialAction\":[{\"@type\":\"ReadAction\",\"target\":[\"https:\/\/forestare.com\/produit\/album-baroque\/\"]}]},{\"@type\":\"ImageObject\",\"inLanguage\":\"en-US\",\"@id\":\"https:\/\/forestare.com\/produit\/album-baroque\/#primaryimage\",\"url\":\"https:\/\/forestare.com\/wp-content\/uploads\/2016\/03\/ForestareBaroque-1.jpg\",\"contentUrl\":\"https:\/\/forestare.com\/wp-content\/uploads\/2016\/03\/ForestareBaroque-1.jpg\",\"width\":1426,\"height\":1426,\"caption\":\"Pochette album Baroque\"},{\"@type\":\"BreadcrumbList\",\"@id\":\"https:\/\/forestare.com\/produit\/album-baroque\/#breadcrumb\",\"itemListElement\":[{\"@type\":\"ListItem\",\"position\":1,\"name\":\"Home\",\"item\":\"https:\/\/forestare.com\/en\/\"},{\"@type\":\"ListItem\",\"position\":2,\"name\":\"Album Baroque\"}]},{\"@type\":\"WebSite\",\"@id\":\"https:\/\/forestare.com\/#website\",\"url\":\"https:\/\/forestare.com\/\",\"name\":\"Forestare\",\"description\":\"Guitar Ensemble\",\"publisher\":{\"@id\":\"https:\/\/forestare.com\/#organization\"},\"potentialAction\":[{\"@type\":\"SearchAction\",\"target\":{\"@type\":\"EntryPoint\",\"urlTemplate\":\"https:\/\/forestare.com\/?s={search_term_string}\"},\"query-input\":{\"@type\":\"PropertyValueSpecification\",\"valueRequired\":true,\"valueName\":\"search_term_string\"}}],\"inLanguage\":\"en-US\"},{\"@type\":\"Organization\",\"@id\":\"https:\/\/forestare.com\/#organization\",\"name\":\"Forestare\",\"url\":\"https:\/\/forestare.com\/\",\"logo\":{\"@type\":\"ImageObject\",\"inLanguage\":\"en-US\",\"@id\":\"https:\/\/forestare.com\/#\/schema\/logo\/image\/\",\"url\":\"https:\/\/forestare.com\/wp-content\/uploads\/2013\/09\/sq-bage1.png\",\"contentUrl\":\"https:\/\/forestare.com\/wp-content\/uploads\/2013\/09\/sq-bage1.png\",\"width\":400,\"height\":400,\"caption\":\"Forestare\"},\"image\":{\"@id\":\"https:\/\/forestare.com\/#\/schema\/logo\/image\/\"},\"sameAs\":[\"https:\/\/www.facebook.com\/forestare\",\"https:\/\/www.youtube.com\/channel\/UCdyiDKShEo7tzzVYnBSw-Tg\",\"https:\/\/soundcloud.com\/forestare\"]}]}<\/script>\n<!-- \/ Yoast SEO plugin. -->","yoast_head_json":{"title":"Album Baroque - Forestare","robots":{"index":"index","follow":"follow","max-snippet":"max-snippet:-1","max-image-preview":"max-image-preview:large","max-video-preview":"max-video-preview:-1"},"canonical":"https:\/\/forestare.com\/produit\/album-baroque\/","og_locale":"en_US","og_type":"article","og_title":"Album Baroque - Forestare","og_description":"Album Baroque de l'ensemble de guitare Forestare  Format physique Au programme:     Johann Sebastian Bach (1685-1750)  Concerto Brandebourgeois no. 3 BWV 1048 en sol majeur arr. Dave Pilon 1. I. (Allegro moderato) 5:55\u00a0 2. II. Adagio 0:44\u00a0 3. III. Allegro 5:46     Johann Sebastian Bach (1685-1750)  4. Fantasia Super : Komm, heiliger Geist BWV 651 arr. David Ratelle 6:47     Antonio Vivaldi (1678-1741)  5. Sonata no. 12, Op 1, Rv 63 \u201cLa Folia\u201d arr. Dave Pilon 12:00     Antonio Vivaldi (1678-1741)  CONCERTO no. 2, RV578 pour deux violons et violoncelle obligato tir\u00e9 de L\u2019estro armonico opus 3 arr. J\u00fcrg Kindle 6. I. Adagio e Spiccato 2:02\u00a0 7. II. Allegro 2:37\u00a0 8. III. Larghetto 4:02\u00a0 9. IV. Allegro 2:23     Jean Baptiste Lully (1632-1687)  Le Bourgeois gentilhomme (com\u00e9die-ballet) 10. I.\u00a0Ouverture arr. Dave Pilon 2:59\u00a0 11. II. Air arr. David Ratelle 2:47\u00a0\u00a0 12.\u00a0III. Canarie arr. David Ratelle 1:24 13. IV. Marche pour la c\u00e9r\u00e9monie des Turcs arr. Dave Pilon 2:17         &nbsp;  &nbsp;  Total : 51:52     Prise de son : Ren\u00e9 Laflamme Montage : Ren\u00e9 Laflamme et Philippe Bouvrette 2xHD Mastering : Ren\u00e9 Laflamme Assistant \u00e0 la r\u00e9alisation : Georges Nicholson  R\u00e9alisation : Andr\u00e9 Perry  &nbsp;  &nbsp;","og_url":"https:\/\/forestare.com\/produit\/album-baroque\/","og_site_name":"Forestare","article_publisher":"https:\/\/www.facebook.com\/forestare","article_modified_time":"2024-09-05T15:02:32+00:00","og_image":[{"width":1426,"height":1426,"url":"https:\/\/forestare.com\/wp-content\/uploads\/2016\/03\/ForestareBaroque-1.jpg","type":"image\/jpeg"}],"twitter_misc":{"Est. reading time":"1 minute"},"schema":{"@context":"https:\/\/schema.org","@graph":[{"@type":"WebPage","@id":"https:\/\/forestare.com\/produit\/album-baroque\/","url":"https:\/\/forestare.com\/produit\/album-baroque\/","name":"Album Baroque - Forestare","isPartOf":{"@id":"https:\/\/forestare.com\/#website"},"primaryImageOfPage":{"@id":"https:\/\/forestare.com\/produit\/album-baroque\/#primaryimage"},"image":{"@id":"https:\/\/forestare.com\/produit\/album-baroque\/#primaryimage"},"thumbnailUrl":"https:\/\/forestare.com\/wp-content\/uploads\/2016\/03\/ForestareBaroque-1.jpg","datePublished":"2016-03-13T21:12:24+00:00","dateModified":"2024-09-05T15:02:32+00:00","breadcrumb":{"@id":"https:\/\/forestare.com\/produit\/album-baroque\/#breadcrumb"},"inLanguage":"en-US","potentialAction":[{"@type":"ReadAction","target":["https:\/\/forestare.com\/produit\/album-baroque\/"]}]},{"@type":"ImageObject","inLanguage":"en-US","@id":"https:\/\/forestare.com\/produit\/album-baroque\/#primaryimage","url":"https:\/\/forestare.com\/wp-content\/uploads\/2016\/03\/ForestareBaroque-1.jpg","contentUrl":"https:\/\/forestare.com\/wp-content\/uploads\/2016\/03\/ForestareBaroque-1.jpg","width":1426,"height":1426,"caption":"Pochette album Baroque"},{"@type":"BreadcrumbList","@id":"https:\/\/forestare.com\/produit\/album-baroque\/#breadcrumb","itemListElement":[{"@type":"ListItem","position":1,"name":"Home","item":"https:\/\/forestare.com\/en\/"},{"@type":"ListItem","position":2,"name":"Album Baroque"}]},{"@type":"WebSite","@id":"https:\/\/forestare.com\/#website","url":"https:\/\/forestare.com\/","name":"Forestare","description":"Guitar Ensemble","publisher":{"@id":"https:\/\/forestare.com\/#organization"},"potentialAction":[{"@type":"SearchAction","target":{"@type":"EntryPoint","urlTemplate":"https:\/\/forestare.com\/?s={search_term_string}"},"query-input":{"@type":"PropertyValueSpecification","valueRequired":true,"valueName":"search_term_string"}}],"inLanguage":"en-US"},{"@type":"Organization","@id":"https:\/\/forestare.com\/#organization","name":"Forestare","url":"https:\/\/forestare.com\/","logo":{"@type":"ImageObject","inLanguage":"en-US","@id":"https:\/\/forestare.com\/#\/schema\/logo\/image\/","url":"https:\/\/forestare.com\/wp-content\/uploads\/2013\/09\/sq-bage1.png","contentUrl":"https:\/\/forestare.com\/wp-content\/uploads\/2013\/09\/sq-bage1.png","width":400,"height":400,"caption":"Forestare"},"image":{"@id":"https:\/\/forestare.com\/#\/schema\/logo\/image\/"},"sameAs":["https:\/\/www.facebook.com\/forestare","https:\/\/www.youtube.com\/channel\/UCdyiDKShEo7tzzVYnBSw-Tg","https:\/\/soundcloud.com\/forestare"]}]}},"_links":{"self":[{"href":"https:\/\/forestare.com\/en\/wp-json\/wp\/v2\/product\/1916"}],"collection":[{"href":"https:\/\/forestare.com\/en\/wp-json\/wp\/v2\/product"}],"about":[{"href":"https:\/\/forestare.com\/en\/wp-json\/wp\/v2\/types\/product"}],"replies":[{"embeddable":true,"href":"https:\/\/forestare.com\/en\/wp-json\/wp\/v2\/comments?post=1916"}],"wp:featuredmedia":[{"embeddable":true,"href":"https:\/\/forestare.com\/en\/wp-json\/wp\/v2\/media\/1917"}],"wp:attachment":[{"href":"https:\/\/forestare.com\/en\/wp-json\/wp\/v2\/media?parent=1916"}],"wp:term":[{"taxonomy":"product_cat","embeddable":true,"href":"https:\/\/forestare.com\/en\/wp-json\/wp\/v2\/product_cat?post=1916"},{"taxonomy":"product_tag","embeddable":true,"href":"https:\/\/forestare.com\/en\/wp-json\/wp\/v2\/product_tag?post=1916"}],"curies":[{"name":"wp","href":"https:\/\/api.w.org\/{rel}","templated":true}]}}